{"id":37,"date":"2015-04-05T13:51:32","date_gmt":"2015-04-05T11:51:32","guid":{"rendered":"http:\/\/www.wroclawfabryczna.pttk.pl\/www\/?page_id=37"},"modified":"2020-09-30T20:27:24","modified_gmt":"2020-09-30T18:27:24","slug":"komisje-oddzialowe-i-referaty-weryfikacyjne","status":"publish","type":"page","link":"https:\/\/wroclawfabryczna.pttk.pl\/?page_id=37","title":{"rendered":"Komisje i referaty"},"content":{"rendered":"<p><strong>W Oddziale dzia\u0142aj\u0105 nast\u0119puj\u0105ce Komisje wraz Referatami Weryfikacyjnymi odznak turystyki kwalifikowanej:<\/strong><\/p>\n<p><strong>1.\u00a0\u00a0 Komisja\u00a0 Turystyki\u00a0 Pieszej<\/strong> oraz <strong>Referat Weryfikacyjny<br \/>\n<\/strong>Odznaki Turystyki Pieszej do stopnia &#8211; <strong>ma\u0142a z\u0142ota<\/strong><\/p>\n<p><strong>2.\u00a0\u00a0 Komisja\u00a0 Ochrony\u00a0 Przyrody<\/strong>\u00a0 oraz\u00a0 <strong>Referat\u00a0 Weryfikacyjny<br \/>\n<\/strong><span style=\"font-size: inherit;\">odznaki\u00a0 &#8222;Turysta Przyrodnik&#8221; do stopnia &#8211; <strong>ma\u0142a z\u0142ota<\/strong><\/span><\/p>\n<p><strong>3.\u00a0\u00a0 Komisja\u00a0 Turystyki\u00a0 Kolarskiej<\/strong>\u00a0 oraz\u00a0 <strong>Referat\u00a0 Weryfikacyjny<br \/>\n<\/strong>Kolarskiej Odznaki Turystycznej do stopnia &#8211; <strong>ma\u0142a z\u0142ota<\/strong><\/p>\n<p><strong>4.\u00a0\u00a0 Komisja\u00a0 Turystyki\u00a0 G\u00f3rskiej<\/strong>\u00a0 oraz <strong>Referat\u00a0 Weryfikacyjny<br \/>\n<\/strong><span style=\"font-size: inherit;\">G\u00f3rskiej Odznaki Turystycznej do stopnia &#8211; <strong>ma\u0142a z\u0142ota oraz do przedostatniej normy &#8222;Za wytrwa\u0142o\u015b\u0107&#8221;<\/strong><\/span><\/p>\n<p><strong>5.<\/strong> \u00a0 <strong> Komisja\u00a0 Turystyki\u00a0 Krajoznawczej<\/strong>\u00a0 oraz <strong>Referat\u00a0 Weryfikacyjny<br \/>\n<\/strong><span style=\"font-size: inherit;\">Regionalnej Odznaki Krajoznawczej<\/span><\/p>\n","protected":false},"excerpt":{"rendered":"<p>W Oddziale dzia\u0142aj\u0105 nast\u0119puj\u0105ce Komisje wraz Referatami Weryfikacyjnymi odznak turystyki kwalifikowanej: 1.\u00a0\u00a0 Komisja\u00a0 Turystyki\u00a0 Pieszej oraz Referat Weryfikacyjny Odznaki Turystyki Pieszej do stopnia &#8211; ma\u0142a z\u0142ota 2.\u00a0\u00a0 Komisja\u00a0 Ochrony\u00a0 Przyrody\u00a0 oraz\u00a0 Referat\u00a0 Weryfikacyjny odznaki\u00a0 &#8222;Turysta Przyrodnik&#8221; do stopnia &#8211; ma\u0142a z\u0142ota 3.\u00a0\u00a0 Komisja\u00a0 Turystyki\u00a0 Kolarskiej\u00a0 oraz\u00a0 Referat\u00a0 Weryfikacyjny Kolarskiej Odznaki Turystycznej do stopnia &#8211; ma\u0142a &hellip; <a href=\"https:\/\/wroclawfabryczna.pttk.pl\/?page_id=37\" class=\"more-link\">Czytaj dalej <span class=\"screen-reader-text\">Komisje i referaty<\/span> <span class=\"meta-nav\">&rarr;<\/span><\/a><\/p>\n","protected":false},"author":1,"featured_media":0,"parent":0,"menu_order":3,"comment_status":"closed","ping_status":"closed","template":"","meta":{"footnotes":""},"class_list":["post-37","page","type-page","status-publish","hentry"],"_links":{"self":[{"href":"https:\/\/wroclawfabryczna.pttk.pl\/index.php?rest_route=\/wp\/v2\/pages\/37","targetHints":{"allow":["GET"]}}],"collection":[{"href":"https:\/\/wroclawfabryczna.pttk.pl\/index.php?rest_route=\/wp\/v2\/pages"}],"about":[{"href":"https:\/\/wroclawfabryczna.pttk.pl\/index.php?rest_route=\/wp\/v2\/types\/page"}],"author":[{"embeddable":true,"href":"https:\/\/wroclawfabryczna.pttk.pl\/index.php?rest_route=\/wp\/v2\/users\/1"}],"replies":[{"embeddable":true,"href":"https:\/\/wroclawfabryczna.pttk.pl\/index.php?rest_route=%2Fwp%2Fv2%2Fcomments&post=37"}],"version-history":[{"count":6,"href":"https:\/\/wroclawfabryczna.pttk.pl\/index.php?rest_route=\/wp\/v2\/pages\/37\/revisions"}],"predecessor-version":[{"id":780,"href":"https:\/\/wroclawfabryczna.pttk.pl\/index.php?rest_route=\/wp\/v2\/pages\/37\/revisions\/780"}],"wp:attachment":[{"href":"https:\/\/wroclawfabryczna.pttk.pl\/index.php?rest_route=%2Fwp%2Fv2%2Fmedia&parent=37"}],"curies":[{"name":"wp","href":"https:\/\/api.w.org\/{rel}","templated":true}]}}